{"id":510,"date":"2026-03-26T18:19:42","date_gmt":"2026-03-26T17:19:42","guid":{"rendered":"https:\/\/zorndeswimmels.de\/?page_id=510"},"modified":"2026-03-27T09:24:46","modified_gmt":"2026-03-27T08:24:46","slug":"busch-company","status":"publish","type":"page","link":"https:\/\/zorndeswimmels.de\/?page_id=510","title":{"rendered":"Busch Company"},"content":{"rendered":"\n<div style=\"height:100px\" aria-hidden=\"true\" class=\"wp-block-spacer\"><\/div>\n\n\n\n<div class=\"wp-block-columns ticss-4a236b4b is-layout-flex wp-container-core-columns-is-layout-8f761849 wp-block-columns-is-layout-flex\">\n<div class=\"wp-block-column is-vertically-aligned-center is-layout-flow wp-block-column-is-layout-flow\" style=\"padding-top:0;padding-right:0;padding-bottom:0;padding-left:0\">\n<figure class=\"wp-block-image size-full is-resized\"><img loading=\"lazy\" decoding=\"async\" width=\"591\" height=\"393\" src=\"https:\/\/zorndeswimmels.de\/wp-content\/uploads\/2026\/03\/Busch-Company-Blau-1.png\" alt=\"\" class=\"wp-image-519\" style=\"aspect-ratio:1.9394421539935414;width:471px;height:auto\" srcset=\"https:\/\/zorndeswimmels.de\/wp-content\/uploads\/2026\/03\/Busch-Company-Blau-1.png 591w, https:\/\/zorndeswimmels.de\/wp-content\/uploads\/2026\/03\/Busch-Company-Blau-1-300x199.png 300w\" sizes=\"auto, (max-width: 591px) 100vw, 591px\" \/><\/figure>\n\n\n\n<div style=\"height:51px\" aria-hidden=\"true\" class=\"wp-block-spacer\"><\/div>\n\n\n\n<h2 id=\"wp-block-themeisle-blocks-advanced-heading-a9393785\" class=\"wp-block-themeisle-blocks-advanced-heading wp-block-themeisle-blocks-advanced-heading-a9393785\">Drei M\u00e4nner. Drei K\u00fcnstler. Eine Show.<\/h2>\n<\/div>\n\n\n\n<div class=\"wp-block-column is-vertically-aligned-bottom is-layout-flow wp-block-column-is-layout-flow\" style=\"padding-top:0;padding-right:0;padding-bottom:0;padding-left:0\"><div class=\"wp-block-image is-style-default animated swing\">\n<figure class=\"alignleft size-full\"><img loading=\"lazy\" decoding=\"async\" width=\"930\" height=\"917\" src=\"https:\/\/zorndeswimmels.de\/wp-content\/uploads\/2026\/03\/Busch-Company-Blau-e1774544535201.png\" alt=\"\" class=\"wp-image-512\" srcset=\"https:\/\/zorndeswimmels.de\/wp-content\/uploads\/2026\/03\/Busch-Company-Blau-e1774544535201.png 930w, https:\/\/zorndeswimmels.de\/wp-content\/uploads\/2026\/03\/Busch-Company-Blau-e1774544535201-300x296.png 300w, https:\/\/zorndeswimmels.de\/wp-content\/uploads\/2026\/03\/Busch-Company-Blau-e1774544535201-768x757.png 768w\" sizes=\"auto, (max-width: 930px) 100vw, 930px\" \/><\/figure>\n<\/div><\/div>\n<\/div>\n\n\n\n<div style=\"height:49px\" aria-hidden=\"true\" class=\"wp-block-spacer\"><\/div>\n\n\n\n<div class=\"wp-block-columns are-vertically-aligned-top ticss-4a236b4b is-layout-flex wp-container-core-columns-is-layout-8f761849 wp-block-columns-is-layout-flex\" id=\"info\">\n<div class=\"wp-block-column is-vertically-aligned-top is-layout-flow wp-block-column-is-layout-flow\" style=\"padding-top:0;padding-right:0;padding-bottom:0;padding-left:0\">\n<p class=\"has-nv-dark-bg-color has-text-color has-link-color has-medium-font-size wp-elements-6d18e93a4583a64773f95f42f75751f2 wp-block-paragraph\"><strong>Die Busch Company \u2013 das sind Bernd Busch (Comedian, Komiker, moderner Clown), Alexander Merk (Zauberk\u00fcnstler) und Tommy Feiler (Gitarrist &amp; Musikproduzent).<\/strong> Drei Charaktere, drei Ausnahmek\u00fcnstler\u2013 und eine Show, die Humor, Magie und Musik zu einem einzigartigen Erlebnis verbindet. Komischer, magischer, musikalischer!<\/p>\n\n\n\n<p class=\"has-medium-font-size wp-block-paragraph\"><strong>Bernd Busch<\/strong>, international erfahrener Komiker und Clown, begeistert seit Jahren auf Festivals in ganz Europa, darunter das Humor Festival Velden, das Internationale Clownsfestival Milano, Les A du Cirque Marrakesch, Avignon Festival und Cirkulum Ostrava. Als Produzent und Festivaldirektor des Spielbudenfestivals in Hamburg pr\u00e4gt er die moderne Kleinkunstszene und bringt seine unverwechselbare Mischung aus Humor, Timing und Kreativit\u00e4t in die Company ein.<\/p>\n\n\n\n<p class=\"has-nv-dark-bg-color has-text-color has-link-color has-medium-font-size wp-elements-79067be36a62a7a51976a213030e6b40 wp-block-paragraph\"><strong>Alexander Merk<\/strong>, Deutscher Meister der Zauberkunst und einer der Top 10 Magier weltweit, steht f\u00fcr Magie auf Weltniveau. Sein j\u00fcngster Triumph: ein Auftritt in Las Vegas in der international gefeierten TV-Show \u201eFool Us\u201c von Penn &amp; Teller. Mit seiner poetischen, \u00fcberraschenden und intelligenten Zauberkunst setzt er glanzvolle H\u00f6hepunkte in jeder Show.<\/p>\n<\/div>\n\n\n\n<div class=\"wp-block-column is-vertically-aligned-top is-layout-flow wp-block-column-is-layout-flow\" style=\"padding-top:0;padding-right:0;padding-bottom:0;padding-left:0\">\n<p class=\"has-medium-font-size wp-block-paragraph\" id=\"tommy\"><strong>Tommy Feiler<\/strong>, Gitarrist, Musiker und Produzent, liefert den Soundtrack der Busch Company. Mit virtuoser Leichtigkeit und kraftvoller Pr\u00e4senz treibt er das Trio an, verbindet Komik und Magie zu einem stimmigen Klangbild und verleiht der Show ihren unverwechselbaren Groove.<\/p>\n\n\n\n<p class=\"has-medium-font-size wp-block-paragraph\"><strong>Alana <\/strong>(alternierendes Mitglied) ist eine preisgekr\u00f6nte Zauberk\u00fcnstlerin und eine der wenigen professionellen Frauen in der internationalen Magieszene. Mit Engagements in Europa, Asien und Nordamerika bringt sie eine starke, elegante und innovative Zauberkunst ein, die ausgew\u00e4hlte Produktionen der Busch Company bereichert.<br>Die Busch Company tritt auf der B\u00fchne ausschlie\u00dflich als Trio auf.<\/p>\n<\/div>\n<\/div>\n\n\n\n<div style=\"height:38px\" aria-hidden=\"true\" class=\"wp-block-spacer\"><\/div>\n\n\n\n<figure class=\"wp-block-image size-full wp-duotone-rgb4998203-00a5ff-1\"><img loading=\"lazy\" decoding=\"async\" width=\"1589\" height=\"106\" src=\"https:\/\/zorndeswimmels.de\/wp-content\/uploads\/2026\/02\/trenner.png\" alt=\"\" class=\"wp-image-447\" srcset=\"https:\/\/zorndeswimmels.de\/wp-content\/uploads\/2026\/02\/trenner.png 1589w, https:\/\/zorndeswimmels.de\/wp-content\/uploads\/2026\/02\/trenner-300x20.png 300w, https:\/\/zorndeswimmels.de\/wp-content\/uploads\/2026\/02\/trenner-1024x68.png 1024w, https:\/\/zorndeswimmels.de\/wp-content\/uploads\/2026\/02\/trenner-768x51.png 768w, https:\/\/zorndeswimmels.de\/wp-content\/uploads\/2026\/02\/trenner-1536x102.png 1536w\" sizes=\"auto, (max-width: 1589px) 100vw, 1589px\" \/><\/figure>\n\n\n\n<div style=\"height:38px\" aria-hidden=\"true\" class=\"wp-block-spacer\"><\/div>\n\n\n\n<figure id=\"trailer\" class=\"wp-block-video\"><video height=\"1080\" style=\"aspect-ratio: 1920 \/ 1080;\" width=\"1920\" controls src=\"https:\/\/zorndeswimmels.de\/wp-content\/uploads\/2026\/03\/Busch-Company-2022-_-Bunt.mp4\"><\/video><\/figure>\n\n\n\n<div style=\"height:38px\" aria-hidden=\"true\" class=\"wp-block-spacer\"><\/div>\n\n\n\n<figure class=\"wp-block-image size-full wp-duotone-rgb4998203-00a5ff-2\"><img loading=\"lazy\" decoding=\"async\" width=\"1589\" height=\"106\" src=\"https:\/\/zorndeswimmels.de\/wp-content\/uploads\/2026\/02\/trenner.png\" alt=\"\" class=\"wp-image-447\" srcset=\"https:\/\/zorndeswimmels.de\/wp-content\/uploads\/2026\/02\/trenner.png 1589w, https:\/\/zorndeswimmels.de\/wp-content\/uploads\/2026\/02\/trenner-300x20.png 300w, https:\/\/zorndeswimmels.de\/wp-content\/uploads\/2026\/02\/trenner-1024x68.png 1024w, https:\/\/zorndeswimmels.de\/wp-content\/uploads\/2026\/02\/trenner-768x51.png 768w, https:\/\/zorndeswimmels.de\/wp-content\/uploads\/2026\/02\/trenner-1536x102.png 1536w\" sizes=\"auto, (max-width: 1589px) 100vw, 1589px\" \/><\/figure>\n\n\n\n<div style=\"height:38px\" aria-hidden=\"true\" class=\"wp-block-spacer\"><\/div>\n\n\n\n<div class=\"wp-block-columns is-layout-flex wp-container-core-columns-is-layout-8f761849 wp-block-columns-is-layout-flex\" id=\"info\">\n<div class=\"wp-block-column is-layout-flow wp-block-column-is-layout-flow\">\n<figure class=\"wp-block-image size-full is-style-rounded animated tada wp-duotone-rgb52134222-rgb255255255-3\"><img loading=\"lazy\" decoding=\"async\" width=\"2560\" height=\"2017\" src=\"https:\/\/zorndeswimmels.de\/wp-content\/uploads\/2026\/03\/DSF8828-scaled.jpg\" alt=\"\" class=\"wp-image-515\" style=\"aspect-ratio:1;object-fit:cover\" srcset=\"https:\/\/zorndeswimmels.de\/wp-content\/uploads\/2026\/03\/DSF8828-scaled.jpg 2560w, https:\/\/zorndeswimmels.de\/wp-content\/uploads\/2026\/03\/DSF8828-300x236.jpg 300w, https:\/\/zorndeswimmels.de\/wp-content\/uploads\/2026\/03\/DSF8828-1024x807.jpg 1024w, https:\/\/zorndeswimmels.de\/wp-content\/uploads\/2026\/03\/DSF8828-768x605.jpg 768w, https:\/\/zorndeswimmels.de\/wp-content\/uploads\/2026\/03\/DSF8828-1536x1210.jpg 1536w, https:\/\/zorndeswimmels.de\/wp-content\/uploads\/2026\/03\/DSF8828-2048x1614.jpg 2048w\" sizes=\"auto, (max-width: 2560px) 100vw, 2560px\" \/><\/figure>\n<\/div>\n\n\n\n<div class=\"wp-block-column is-layout-flow wp-block-column-is-layout-flow\">\n<h2 id=\"wp-block-themeisle-blocks-advanced-heading-54ab58b4\" class=\"wp-block-themeisle-blocks-advanced-heading wp-block-themeisle-blocks-advanced-heading-54ab58b4\">Die Show \u2013 B\u00fchnenjazz. Live. Intensiv. Unvorhersehbar.<\/h2>\n\n\n\n<p class=\"has-medium-font-size wp-block-paragraph\">Wenn Busch, Merk und Feiler aufeinandertreffen, entsteht ein komisch\u2013magisch\u2013musikalischer Cocktail, der Grenzen sprengt und Klassiker in v\u00f6llig neuem Licht erscheinen l\u00e4sst.<\/p>\n\n\n\n<p class=\"has-medium-font-size wp-block-paragraph\">B\u00fchnenjazz \u2013 moderne Kleinkunst, die \u00fcberrascht, ber\u00fchrt, mitrei\u00dft.<\/p>\n<\/div>\n<\/div>\n\n\n\n<div style=\"height:38px\" aria-hidden=\"true\" class=\"wp-block-spacer\"><\/div>\n\n\n\n<figure class=\"wp-block-image size-full wp-duotone-rgb4998203-00a5ff-4\"><img loading=\"lazy\" decoding=\"async\" width=\"1589\" height=\"106\" src=\"https:\/\/zorndeswimmels.de\/wp-content\/uploads\/2026\/02\/trenner.png\" alt=\"\" class=\"wp-image-447\" srcset=\"https:\/\/zorndeswimmels.de\/wp-content\/uploads\/2026\/02\/trenner.png 1589w, https:\/\/zorndeswimmels.de\/wp-content\/uploads\/2026\/02\/trenner-300x20.png 300w, https:\/\/zorndeswimmels.de\/wp-content\/uploads\/2026\/02\/trenner-1024x68.png 1024w, https:\/\/zorndeswimmels.de\/wp-content\/uploads\/2026\/02\/trenner-768x51.png 768w, https:\/\/zorndeswimmels.de\/wp-content\/uploads\/2026\/02\/trenner-1536x102.png 1536w\" sizes=\"auto, (max-width: 1589px) 100vw, 1589px\" \/><\/figure>\n\n\n\n<div style=\"height:38px\" aria-hidden=\"true\" class=\"wp-block-spacer\"><\/div>\n\n\n\n<div class=\"wp-block-columns is-layout-flex wp-container-core-columns-is-layout-8f761849 wp-block-columns-is-layout-flex\" id=\"showvarianten\">\n<div class=\"wp-block-column is-layout-flow wp-block-column-is-layout-flow\">\n<h2 id=\"wp-block-themeisle-blocks-advanced-heading-82889847\" class=\"wp-block-themeisle-blocks-advanced-heading wp-block-themeisle-blocks-advanced-heading-82889847\">Show-Varianten<\/h2>\n\n\n\n<p class=\"has-medium-font-size wp-block-paragraph\"><strong>Galavariante<\/strong>:<br>45 min \/ 60 min<br><strong>Kleinkunstabend\/Festivals<\/strong>:<br>90 min oder 120 min mit und ohne Pause<br><br><strong>Die Originalbesetzung ist das Trio.<\/strong><br><strong>Duo<\/strong> ist auch m\u00f6glich mit Bernd Busch und Alexander Merk.<br><br>Die drei Akteure sind auch auf internationalen Stra\u00dfenkunstfestivals zu erleben, mit ihrer Show, die es so europaweit sonst nirgendwo gibt!<\/p>\n<\/div>\n\n\n\n<div class=\"wp-block-column is-layout-flow wp-block-column-is-layout-flow\">\n<figure class=\"wp-block-image size-full is-style-rounded wp-duotone-rgb51125214-rgb255255255-5\"><img loading=\"lazy\" decoding=\"async\" width=\"2560\" height=\"1920\" src=\"https:\/\/zorndeswimmels.de\/wp-content\/uploads\/2026\/03\/DSF0194-scaled.jpg\" alt=\"\" class=\"wp-image-517\" style=\"aspect-ratio:1;object-fit:cover\" srcset=\"https:\/\/zorndeswimmels.de\/wp-content\/uploads\/2026\/03\/DSF0194-scaled.jpg 2560w, https:\/\/zorndeswimmels.de\/wp-content\/uploads\/2026\/03\/DSF0194-300x225.jpg 300w, https:\/\/zorndeswimmels.de\/wp-content\/uploads\/2026\/03\/DSF0194-1024x768.jpg 1024w, https:\/\/zorndeswimmels.de\/wp-content\/uploads\/2026\/03\/DSF0194-768x576.jpg 768w, https:\/\/zorndeswimmels.de\/wp-content\/uploads\/2026\/03\/DSF0194-1536x1152.jpg 1536w, https:\/\/zorndeswimmels.de\/wp-content\/uploads\/2026\/03\/DSF0194-2048x1536.jpg 2048w\" sizes=\"auto, (max-width: 2560px) 100vw, 2560px\" \/><\/figure>\n<\/div>\n<\/div>\n\n\n\n<figure class=\"wp-block-image size-full wp-duotone-rgb4998203-00a5ff-6\"><img loading=\"lazy\" decoding=\"async\" width=\"1589\" height=\"106\" src=\"https:\/\/zorndeswimmels.de\/wp-content\/uploads\/2026\/02\/trenner.png\" alt=\"\" class=\"wp-image-447\" srcset=\"https:\/\/zorndeswimmels.de\/wp-content\/uploads\/2026\/02\/trenner.png 1589w, https:\/\/zorndeswimmels.de\/wp-content\/uploads\/2026\/02\/trenner-300x20.png 300w, https:\/\/zorndeswimmels.de\/wp-content\/uploads\/2026\/02\/trenner-1024x68.png 1024w, https:\/\/zorndeswimmels.de\/wp-content\/uploads\/2026\/02\/trenner-768x51.png 768w, https:\/\/zorndeswimmels.de\/wp-content\/uploads\/2026\/02\/trenner-1536x102.png 1536w\" sizes=\"auto, (max-width: 1589px) 100vw, 1589px\" \/><\/figure>\n\n\n\n<div style=\"height:38px\" aria-hidden=\"true\" class=\"wp-block-spacer\"><\/div>\n\n\n\n<div style=\"height:38px\" aria-hidden=\"true\" class=\"wp-block-spacer\"><\/div>\n\n\n\n<figure class=\"wp-block-gallery has-nested-images columns-4 is-cropped bilder wp-block-gallery-7 is-layout-flex wp-block-gallery-is-layout-flex\">\n<figure class=\"wp-block-image size-large\"><img loading=\"lazy\" decoding=\"async\" width=\"1024\" height=\"827\" data-id=\"565\" src=\"https:\/\/zorndeswimmels.de\/wp-content\/uploads\/2026\/03\/DSF9401-1-1024x827.jpg\" alt=\"\" class=\"wp-image-565\" srcset=\"https:\/\/zorndeswimmels.de\/wp-content\/uploads\/2026\/03\/DSF9401-1-1024x827.jpg 1024w, https:\/\/zorndeswimmels.de\/wp-content\/uploads\/2026\/03\/DSF9401-1-300x242.jpg 300w, https:\/\/zorndeswimmels.de\/wp-content\/uploads\/2026\/03\/DSF9401-1-768x620.jpg 768w, https:\/\/zorndeswimmels.de\/wp-content\/uploads\/2026\/03\/DSF9401-1-1536x1240.jpg 1536w, https:\/\/zorndeswimmels.de\/wp-content\/uploads\/2026\/03\/DSF9401-1-2048x1653.jpg 2048w\" sizes=\"auto, (max-width: 1024px) 100vw, 1024px\" \/><\/figure>\n\n\n\n<figure class=\"wp-block-image size-large\"><img loading=\"lazy\" decoding=\"async\" width=\"1024\" height=\"768\" data-id=\"568\" src=\"https:\/\/zorndeswimmels.de\/wp-content\/uploads\/2026\/03\/DSF0194-1-1024x768.jpg\" alt=\"\" class=\"wp-image-568\" srcset=\"https:\/\/zorndeswimmels.de\/wp-content\/uploads\/2026\/03\/DSF0194-1-1024x768.jpg 1024w, https:\/\/zorndeswimmels.de\/wp-content\/uploads\/2026\/03\/DSF0194-1-300x225.jpg 300w, https:\/\/zorndeswimmels.de\/wp-content\/uploads\/2026\/03\/DSF0194-1-768x576.jpg 768w, https:\/\/zorndeswimmels.de\/wp-content\/uploads\/2026\/03\/DSF0194-1-1536x1152.jpg 1536w, https:\/\/zorndeswimmels.de\/wp-content\/uploads\/2026\/03\/DSF0194-1-2048x1536.jpg 2048w\" sizes=\"auto, (max-width: 1024px) 100vw, 1024px\" \/><\/figure>\n\n\n\n<figure class=\"wp-block-image size-large\"><img loading=\"lazy\" decoding=\"async\" width=\"1024\" height=\"807\" data-id=\"570\" src=\"https:\/\/zorndeswimmels.de\/wp-content\/uploads\/2026\/03\/DSF8944-1024x807.jpg\" alt=\"\" class=\"wp-image-570\" srcset=\"https:\/\/zorndeswimmels.de\/wp-content\/uploads\/2026\/03\/DSF8944-1024x807.jpg 1024w, https:\/\/zorndeswimmels.de\/wp-content\/uploads\/2026\/03\/DSF8944-300x236.jpg 300w, https:\/\/zorndeswimmels.de\/wp-content\/uploads\/2026\/03\/DSF8944-768x605.jpg 768w, https:\/\/zorndeswimmels.de\/wp-content\/uploads\/2026\/03\/DSF8944-1536x1210.jpg 1536w, https:\/\/zorndeswimmels.de\/wp-content\/uploads\/2026\/03\/DSF8944-2048x1614.jpg 2048w\" sizes=\"auto, (max-width: 1024px) 100vw, 1024px\" \/><\/figure>\n\n\n\n<figure class=\"wp-block-image size-large\"><img loading=\"lazy\" decoding=\"async\" width=\"1024\" height=\"768\" data-id=\"567\" src=\"https:\/\/zorndeswimmels.de\/wp-content\/uploads\/2026\/03\/DSF0339-1-1024x768.jpg\" alt=\"\" class=\"wp-image-567\" srcset=\"https:\/\/zorndeswimmels.de\/wp-content\/uploads\/2026\/03\/DSF0339-1-1024x768.jpg 1024w, https:\/\/zorndeswimmels.de\/wp-content\/uploads\/2026\/03\/DSF0339-1-300x225.jpg 300w, https:\/\/zorndeswimmels.de\/wp-content\/uploads\/2026\/03\/DSF0339-1-768x576.jpg 768w, https:\/\/zorndeswimmels.de\/wp-content\/uploads\/2026\/03\/DSF0339-1-1536x1152.jpg 1536w, https:\/\/zorndeswimmels.de\/wp-content\/uploads\/2026\/03\/DSF0339-1-2048x1536.jpg 2048w\" sizes=\"auto, (max-width: 1024px) 100vw, 1024px\" \/><\/figure>\n\n\n\n<figure class=\"wp-block-image size-large\"><img loading=\"lazy\" decoding=\"async\" width=\"1024\" height=\"768\" data-id=\"571\" src=\"https:\/\/zorndeswimmels.de\/wp-content\/uploads\/2026\/03\/DSF0675-1024x768.jpg\" alt=\"\" class=\"wp-image-571\" srcset=\"https:\/\/zorndeswimmels.de\/wp-content\/uploads\/2026\/03\/DSF0675-1024x768.jpg 1024w, https:\/\/zorndeswimmels.de\/wp-content\/uploads\/2026\/03\/DSF0675-300x225.jpg 300w, https:\/\/zorndeswimmels.de\/wp-content\/uploads\/2026\/03\/DSF0675-768x576.jpg 768w, https:\/\/zorndeswimmels.de\/wp-content\/uploads\/2026\/03\/DSF0675-1536x1152.jpg 1536w, https:\/\/zorndeswimmels.de\/wp-content\/uploads\/2026\/03\/DSF0675-2048x1536.jpg 2048w\" sizes=\"auto, (max-width: 1024px) 100vw, 1024px\" \/><\/figure>\n\n\n\n<figure class=\"wp-block-image size-large\"><img loading=\"lazy\" decoding=\"async\" width=\"1024\" height=\"768\" data-id=\"566\" src=\"https:\/\/zorndeswimmels.de\/wp-content\/uploads\/2026\/03\/DSF0045-1-1024x768.jpg\" alt=\"\" class=\"wp-image-566\" srcset=\"https:\/\/zorndeswimmels.de\/wp-content\/uploads\/2026\/03\/DSF0045-1-1024x768.jpg 1024w, https:\/\/zorndeswimmels.de\/wp-content\/uploads\/2026\/03\/DSF0045-1-300x225.jpg 300w, https:\/\/zorndeswimmels.de\/wp-content\/uploads\/2026\/03\/DSF0045-1-768x576.jpg 768w, https:\/\/zorndeswimmels.de\/wp-content\/uploads\/2026\/03\/DSF0045-1-1536x1152.jpg 1536w, https:\/\/zorndeswimmels.de\/wp-content\/uploads\/2026\/03\/DSF0045-1-2048x1536.jpg 2048w\" sizes=\"auto, (max-width: 1024px) 100vw, 1024px\" \/><\/figure>\n\n\n\n<figure class=\"wp-block-image size-large\"><img loading=\"lazy\" decoding=\"async\" width=\"1024\" height=\"876\" data-id=\"569\" src=\"https:\/\/zorndeswimmels.de\/wp-content\/uploads\/2026\/03\/DSF0740-1024x876.jpg\" alt=\"\" class=\"wp-image-569\" srcset=\"https:\/\/zorndeswimmels.de\/wp-content\/uploads\/2026\/03\/DSF0740-1024x876.jpg 1024w, https:\/\/zorndeswimmels.de\/wp-content\/uploads\/2026\/03\/DSF0740-300x257.jpg 300w, https:\/\/zorndeswimmels.de\/wp-content\/uploads\/2026\/03\/DSF0740-768x657.jpg 768w, https:\/\/zorndeswimmels.de\/wp-content\/uploads\/2026\/03\/DSF0740-1536x1314.jpg 1536w, https:\/\/zorndeswimmels.de\/wp-content\/uploads\/2026\/03\/DSF0740-2048x1752.jpg 2048w\" sizes=\"auto, (max-width: 1024px) 100vw, 1024px\" \/><\/figure>\n\n\n\n<figure class=\"wp-block-image size-large\"><img loading=\"lazy\" decoding=\"async\" width=\"768\" height=\"1024\" data-id=\"564\" src=\"https:\/\/zorndeswimmels.de\/wp-content\/uploads\/2026\/03\/DSF9806-1-768x1024.jpg\" alt=\"\" class=\"wp-image-564\" srcset=\"https:\/\/zorndeswimmels.de\/wp-content\/uploads\/2026\/03\/DSF9806-1-768x1024.jpg 768w, https:\/\/zorndeswimmels.de\/wp-content\/uploads\/2026\/03\/DSF9806-1-225x300.jpg 225w, https:\/\/zorndeswimmels.de\/wp-content\/uploads\/2026\/03\/DSF9806-1-1152x1536.jpg 1152w, https:\/\/zorndeswimmels.de\/wp-content\/uploads\/2026\/03\/DSF9806-1-1536x2048.jpg 1536w, https:\/\/zorndeswimmels.de\/wp-content\/uploads\/2026\/03\/DSF9806-1-scaled.jpg 1920w\" sizes=\"auto, (max-width: 768px) 100vw, 768px\" \/><\/figure>\n\n\n\n<figure class=\"wp-block-image size-large\"><img loading=\"lazy\" decoding=\"async\" width=\"818\" height=\"1024\" data-id=\"562\" src=\"https:\/\/zorndeswimmels.de\/wp-content\/uploads\/2026\/03\/DSF9976-818x1024.jpg\" alt=\"\" class=\"wp-image-562\" srcset=\"https:\/\/zorndeswimmels.de\/wp-content\/uploads\/2026\/03\/DSF9976-818x1024.jpg 818w, https:\/\/zorndeswimmels.de\/wp-content\/uploads\/2026\/03\/DSF9976-240x300.jpg 240w, https:\/\/zorndeswimmels.de\/wp-content\/uploads\/2026\/03\/DSF9976-768x961.jpg 768w, https:\/\/zorndeswimmels.de\/wp-content\/uploads\/2026\/03\/DSF9976-1227x1536.jpg 1227w, https:\/\/zorndeswimmels.de\/wp-content\/uploads\/2026\/03\/DSF9976-1636x2048.jpg 1636w, https:\/\/zorndeswimmels.de\/wp-content\/uploads\/2026\/03\/DSF9976-scaled.jpg 2045w\" sizes=\"auto, (max-width: 818px) 100vw, 818px\" \/><\/figure>\n\n\n\n<figure class=\"wp-block-image size-large\"><img loading=\"lazy\" decoding=\"async\" width=\"1024\" height=\"768\" data-id=\"563\" src=\"https:\/\/zorndeswimmels.de\/wp-content\/uploads\/2026\/03\/DSF9877-1-1024x768.jpg\" alt=\"\" class=\"wp-image-563\" srcset=\"https:\/\/zorndeswimmels.de\/wp-content\/uploads\/2026\/03\/DSF9877-1-1024x768.jpg 1024w, https:\/\/zorndeswimmels.de\/wp-content\/uploads\/2026\/03\/DSF9877-1-300x225.jpg 300w, https:\/\/zorndeswimmels.de\/wp-content\/uploads\/2026\/03\/DSF9877-1-768x576.jpg 768w, https:\/\/zorndeswimmels.de\/wp-content\/uploads\/2026\/03\/DSF9877-1-1536x1152.jpg 1536w, https:\/\/zorndeswimmels.de\/wp-content\/uploads\/2026\/03\/DSF9877-1-2048x1536.jpg 2048w\" sizes=\"auto, (max-width: 1024px) 100vw, 1024px\" \/><\/figure>\n<\/figure>\n\n\n\n<div style=\"height:19px\" aria-hidden=\"true\" class=\"wp-block-spacer\"><\/div>\n\n\n\n<div style=\"height:19px\" aria-hidden=\"true\" class=\"wp-block-spacer\"><\/div>\n\n\n\n<div style=\"height:38px\" aria-hidden=\"true\" class=\"wp-block-spacer\"><\/div>\n\n\n\n<figure class=\"wp-block-image size-full wp-duotone-rgb4998203-00a5ff-8\"><img loading=\"lazy\" decoding=\"async\" width=\"1589\" height=\"106\" src=\"https:\/\/zorndeswimmels.de\/wp-content\/uploads\/2026\/02\/trenner.png\" alt=\"\" class=\"wp-image-447\" srcset=\"https:\/\/zorndeswimmels.de\/wp-content\/uploads\/2026\/02\/trenner.png 1589w, https:\/\/zorndeswimmels.de\/wp-content\/uploads\/2026\/02\/trenner-300x20.png 300w, https:\/\/zorndeswimmels.de\/wp-content\/uploads\/2026\/02\/trenner-1024x68.png 1024w, https:\/\/zorndeswimmels.de\/wp-content\/uploads\/2026\/02\/trenner-768x51.png 768w, https:\/\/zorndeswimmels.de\/wp-content\/uploads\/2026\/02\/trenner-1536x102.png 1536w\" sizes=\"auto, (max-width: 1589px) 100vw, 1589px\" \/><\/figure>\n\n\n\n<div style=\"height:38px\" aria-hidden=\"true\" class=\"wp-block-spacer\"><\/div>\n\n\n\n<div class=\"wp-block-columns are-vertically-aligned-center is-layout-flex wp-container-core-columns-is-layout-8f761849 wp-block-columns-is-layout-flex\" id=\"kontakt\">\n<div class=\"wp-block-column is-vertically-aligned-center is-layout-flow wp-block-column-is-layout-flow\">\n<figure class=\"wp-block-image size-full wp-duotone-rgb50103220-rgb255255255-9\"><img loading=\"lazy\" decoding=\"async\" width=\"2560\" height=\"2067\" src=\"https:\/\/zorndeswimmels.de\/wp-content\/uploads\/2026\/03\/DSF9401-scaled.jpg\" alt=\"\" class=\"wp-image-518\" srcset=\"https:\/\/zorndeswimmels.de\/wp-content\/uploads\/2026\/03\/DSF9401-scaled.jpg 2560w, https:\/\/zorndeswimmels.de\/wp-content\/uploads\/2026\/03\/DSF9401-300x242.jpg 300w, https:\/\/zorndeswimmels.de\/wp-content\/uploads\/2026\/03\/DSF9401-1024x827.jpg 1024w, https:\/\/zorndeswimmels.de\/wp-content\/uploads\/2026\/03\/DSF9401-768x620.jpg 768w, https:\/\/zorndeswimmels.de\/wp-content\/uploads\/2026\/03\/DSF9401-1536x1240.jpg 1536w, https:\/\/zorndeswimmels.de\/wp-content\/uploads\/2026\/03\/DSF9401-2048x1653.jpg 2048w\" sizes=\"auto, (max-width: 2560px) 100vw, 2560px\" \/><\/figure>\n<\/div>\n\n\n\n<div class=\"wp-block-column is-vertically-aligned-center is-layout-flow wp-block-column-is-layout-flow\">\n<h2 id=\"wp-block-themeisle-blocks-advanced-heading-1d6fa50c\" class=\"wp-block-themeisle-blocks-advanced-heading wp-block-themeisle-blocks-advanced-heading-1d6fa50c\">Kontakt &amp; Booking<\/h2>\n\n\n\n<p class=\"has-medium-font-size wp-block-paragraph\"><strong>Kontakt:<br><\/strong><a href=\"mailto:info@die-busch-company.de\">info@die-busch-company.de<\/a><br>Mobil: +49 (0) 15759083579<\/p>\n\n\n\n<p class=\"has-medium-font-size wp-block-paragraph\"><strong>Booking:<\/strong><br><a href=\"mailto:office@die-busch-company.de\">info@steinmanagement.de<\/a><br>0201\/798 703 84<\/p>\n<\/div>\n<\/div>\n\n\n\n<p class=\"wp-block-paragraph\"><\/p>\n","protected":false},"excerpt":{"rendered":"<p>Die Busch Company \u2013 das sind Bernd Busch (Comedian, Komiker, moderner Clown), Alexander Merk (Zauberk\u00fcnstler) und Tommy Feiler (Gitarrist &amp; Musikproduzent). Drei Charaktere, drei Ausnahmek\u00fcnstler\u2013 und eine Show, die Humor, Magie und Musik zu einem einzigartigen Erlebnis verbindet. Komischer, magischer, musikalischer! Bernd Busch, international erfahrener Komiker und Clown, begeistert seit Jahren auf Festivals in ganz Europa, darunter das Humor Festival Velden, das Internationale Clownsfestival Milano, Les A du Cirque Marrakesch, Avignon Festival und Cirkulum Ostrava. Als Produzent und Festivaldirektor des Spielbudenfestivals in Hamburg pr\u00e4gt er die moderne Kleinkunstszene und bringt seine unverwechselbare Mischung aus Humor, Timing und Kreativit\u00e4t in die Company&hellip;&nbsp;<a href=\"https:\/\/zorndeswimmels.de\/?page_id=510\" rel=\"bookmark\"><span class=\"screen-reader-text\">Busch Company<\/span><\/a><\/p>\n","protected":false},"author":1,"featured_media":0,"parent":0,"menu_order":0,"comment_status":"closed","ping_status":"closed","template":"","meta":{"_crdt_document":"","neve_meta_sidebar":"","neve_meta_container":"","neve_meta_enable_content_width":"","neve_meta_content_width":0,"neve_meta_title_alignment":"","neve_meta_author_avatar":"","neve_post_elements_order":"","neve_meta_disable_header":"","neve_meta_disable_footer":"","neve_meta_disable_title":"on","_themeisle_gutenberg_block_has_review":false,"footnotes":""},"class_list":["post-510","page","type-page","status-publish","hentry"],"_links":{"self":[{"href":"https:\/\/zorndeswimmels.de\/index.php?rest_route=\/wp\/v2\/pages\/510","targetHints":{"allow":["GET"]}}],"collection":[{"href":"https:\/\/zorndeswimmels.de\/index.php?rest_route=\/wp\/v2\/pages"}],"about":[{"href":"https:\/\/zorndeswimmels.de\/index.php?rest_route=\/wp\/v2\/types\/page"}],"author":[{"embeddable":true,"href":"https:\/\/zorndeswimmels.de\/index.php?rest_route=\/wp\/v2\/users\/1"}],"replies":[{"embeddable":true,"href":"https:\/\/zorndeswimmels.de\/index.php?rest_route=%2Fwp%2Fv2%2Fcomments&post=510"}],"version-history":[{"count":4,"href":"https:\/\/zorndeswimmels.de\/index.php?rest_route=\/wp\/v2\/pages\/510\/revisions"}],"predecessor-version":[{"id":573,"href":"https:\/\/zorndeswimmels.de\/index.php?rest_route=\/wp\/v2\/pages\/510\/revisions\/573"}],"wp:attachment":[{"href":"https:\/\/zorndeswimmels.de\/index.php?rest_route=%2Fwp%2Fv2%2Fmedia&parent=510"}],"curies":[{"name":"wp","href":"https:\/\/api.w.org\/{rel}","templated":true}]}}